{"id":6755,"date":"2014-03-04T09:30:58","date_gmt":"2014-03-04T08:30:58","guid":{"rendered":"http:\/\/www.renatadurighello.it\/provepa\/?page_id=6755"},"modified":"2024-02-21T11:48:07","modified_gmt":"2024-02-21T10:48:07","slug":"privacy","status":"publish","type":"page","link":"https:\/\/www.convittocampanella.edu.it\/wbs\/amministrazione-digitale\/privacy\/","title":{"rendered":"Privacy"},"content":{"rendered":"<p><a href=\"https:\/\/www.convittocampanella.edu.it\/wbs\/wp-content\/uploads\/2024\/02\/20240221_nomina_responsabile_tratt_dati_videosorveglianza_allarme-signed-003.pdf-1.pdf\">NOMINA DEL RESPONSABILE DEL TRATTAMENTO DEI DATI PERSONALI &#8211; manutenzione dell\u2019impianto di allarme e videosorveglianza<\/a><\/p>\n<p><strong>INFORMATIVA SUL TRATTAMENTO DEI DATI PERSONALI AI SENSI DELL\u2019ARTICOLO 13 DEL REGOLAMENTO UE 2016\/679 (sito web)<\/strong><\/p>\n<p>Il Convitto Nazionale di Stato \u201cT. Campanella\u201d (telefono: 0965.499421 \u2013 email: <a href=\"mailto:rcvc010005@istruzione.it\">rcvc010005@istruzione.it<\/a> \u2013 PEC: <a href=\"mailto:rcvc010005@pec.istruzione.it\">rcvc010005@pec.istruzione.it<\/a>) nella persona del Dirigente Scolastico, legale rappresentante dell\u2019Istituto, in qualit\u00e0 di <strong>Titolare del trattamento<\/strong> (di seguito, il \u201c<strong>Titolare<\/strong>\u201d o la \u201c<strong>Scuola<\/strong>\u201d), informa le persone (di seguito, l\u2019\u201c<strong>Utente<\/strong>\u201d \/gli \u201c<strong>Utenti<\/strong>\u201d) che visitano e consultano il proprio sito istituzionale, accessibile per via telematica a partire dall\u2019indirizzo: <a href=\"https:\/\/www.convittocampanella.edu.it\/wbs\/\">https:\/\/www.convittocampanella.edu.it<\/a> (di seguito, il \u201c<strong>Sito<\/strong>\u201d),\u00a0 o che nell\u2019ambito dello stesso svolgono volontariamente azioni di interazione con la Scuola, in merito all\u2019utilizzo dei dati personali che li riguardano. \u00a0L\u2019informativa \u00e8 resa solo per il Sito e non anche per altri siti web eventualmente consultati o consultabili tramite link ipertestuali o widget (es. social network) pubblicati nel Sito ma riferiti a risorse esterne al dominio del Titolare. \u00a0Resta ferma l\u2019osservanza, da parte della Scuola, della vigente normativa in materia di trasparenza e di pubblicazione obbligatoria di dati e documenti.<\/p>\n<p><strong>Responsabile Protezione dei Dati (DPO)<\/strong><\/p>\n<p>Il responsabile della protezione dei dati \u00e8 Karon s.r.l., in persona Dott. Federico Croso, contattabile al numero telefonico: 0163.035022 o all\u2019indirizzo email: <a href=\"mailto:dpo@gdprscuola.it\">dpo@gdprscuola.it<\/a>.<\/p>\n<p><strong>Categorie di interessati e dati personali trattati<\/strong><\/p>\n<p>Il Titolare tratta:<\/p>\n<ol>\n<li><em>Dati di navigazione<\/em>:<\/li>\n<\/ol>\n<ul>\n<li>dati di navigazione raccolti nel corso della visita al Sito di default dai sistemi informatici e dalle procedure software preposte al funzionamento del Sito stesso. Sono tali, ad esempio:\u00a0gli indirizzi IP o i nomi a dominio dei computer e dei terminali utilizzati dagli Utenti, il tipo di browser utilizzato, nome dell\u2019internet service provider (ISP), data ed orario di visita, gli indirizzi in notazione URI\/URL (Uniform Resource Identifier\/Locator) delle risorse richieste, l&#8217;orario della richiesta, il metodo utilizzato nel sottoporre la richiesta al server, la dimensione del file ottenuto in risposta, il codice numerico indicante lo stato della risposta data dal server (buon fine, errore, etc.) e altri parametri relativi al sistema operativo e all&#8217;ambiente informatico degli Utenti;<\/li>\n<\/ul>\n<ol>\n<li><em>Dati comunicati dagli Utenti<\/em>:<\/li>\n<\/ol>\n<p>dati personali forniti volontariamente dall\u2019Utente che interagisce con il Titolare attraverso il Sito mediante l\u2019invio esplicito e spontaneo di messaggi ai recapiti del Titolare o sui social media, ai profili\/alle pagine istituzionali di quest\u2019ultimo (laddove questa possibilit\u00e0 sia prevista), che comporta l&#8217;acquisizione dei dati di contatto dell\u2019Utente necessari per rispondere alla comunicazione da questo inviata, quali nome, cognome e indirizzo e-mail, nonch\u00e9 di ulteriori eventuali dati personali riportati volontariamente nelle comunicazioni dallo stesso Utente e utili al Titolare per gestire la richiesta da questo avanzata.<\/p>\n<p>Specifiche informative verranno pubblicate nelle pagine del Sito riportanti il <em>form<\/em> o predisposte per l&#8217;erogazione di determinati servizi.<\/p>\n<p>(di seguito, tutti, i \u201c<strong>Dati Personali<\/strong>\u201d)<\/p>\n<ol>\n<li><em>Dati raccolti tramite cookie durante la navigazione sul Sito da parte degli Utenti<\/em>.<\/li>\n<\/ol>\n<p>Per ulteriori approfondimenti in merito ai cookie utilizzati dal Sito, consultare la cookie policy estesa <a href=\"https:\/\/www.convittocampanella.edu.it\/wbs\/cookie-policy-ue\/\">https:\/\/www.convittocampanella.edu.it\/wbs\/cookie-policy-ue\/<\/a>.<\/p>\n<p>&nbsp;<\/p>\n<p><strong>Finalit\u00e0 del Trattamento e basi giuridiche:<\/strong><\/p>\n<p>Il Titolare tratta i Dati Personali raccolti nel contesto del Sito per le finalit\u00e0 e in forza delle basi giuridiche di seguito indicate, a seconda dei casi.<\/p>\n<p><u>Finalit\u00e0<\/u>:<\/p>\n<ul>\n<li>adempimento di un obbligo legale connesso a disposizioni civilistiche, fiscali e amministrative, di normativa comunitaria, di norme, codici o procedure approvati da Autorit\u00e0 e altre Istituzioni competenti, nonch\u00e9 per dare seguito a richieste da parte dell&#8217;autorit\u00e0 amministrativa o giudiziaria competente e, pi\u00f9 in generale, di soggetti pubblici nel rispetto delle formalit\u00e0 di legge;<\/li>\n<li>fare valere e difendere i propri diritti, anche mediante iniziative stragiudiziali ed anche attraverso terze parti, nonch\u00e9 prevenire reati (quali, ad esempio, frodi, furti d\u2019identit\u00e0, reati informatici, etc.) e accertare eventuali responsabilit\u00e0 in caso di reati informatici ai danni del Sito o dei suoi utilizzatori;<\/li>\n<li>per consentire agli Utenti di accedere al Sito e navigare in modo ottimale, nonch\u00e9 per gestire le richieste pervenute attraverso il Sito e fornire servizi e le informazioni e comunicazioni istituzionali della Scuola. Specifiche informative di sintesi sono riportate nelle pagine del Sito predisposte per particolari servizi a richiesta;<\/li>\n<li>limitatamente ai dati di navigazione degli Utenti sub punto a), per finalit\u00e0 di sicurezza dei sistemi della Scuola, per ricavare informazioni statistiche sull\u2019uso del Sito (come le pagine del Sito pi\u00f9 frequentemente visitate, il tempo medio speso per ciascuna pagina, etc.), nonch\u00e9 per controllare il corretto funzionamento del Sito ed individuare le azioni volte al suo miglioramento.<\/li>\n<\/ul>\n<p>Basi giuridiche\/Condizioni di liceit\u00e0:<\/p>\n<ul>\n<li>adempimento di un obbligo legale al quale \u00e8 soggetto il Titolare;<\/li>\n<li>esecuzione di misure precontrattuali adottate su richiesta dell\u2019Utente;<\/li>\n<li>esecuzione di compiti d\u2019interesse pubblico e quindi l\u2019attuazione e lo svolgimento delle funzioni istituzionali della Scuola;<\/li>\n<li>consenso esplicito dell\u2019Utente qualora richiesto;<\/li>\n<li>nonch\u00e9, per la prevenzione, l&#8217;indagine, l&#8217;accertamento e il perseguimento di reati\/illeciti e quindi in forza del diritto di difesa e sicurezza della Scuola, compresa la protezione dei propri sistemi.<\/li>\n<\/ul>\n<p><strong>Obbligatoriet\u00e0 del rilascio dei dati richiesti e conseguenze del mancato rilascio<\/strong><\/p>\n<p>Salvo quanto specificato per i dati di navigazione (e, nell\u2019apposita policy, per i cookie), l\u2019utente \u00e8 libero di fornire i propri dati personali (tramite <em>form <\/em>&#8211; nelle pagine che lo consentono &#8211; o con altre modalit\u00e0 ai contatti del Titolare). Il mancato o parziale conferimento dei dati personali necessari pu\u00f2 impedire al Titolare lo svolgimento di quanto richiesto dall\u2019Utente (come, ad esempio, la possibilit\u00e0 di usufruire di alcuni servizi), nonch\u00e9 l\u2019assolvimento di eventuali obblighi connessi.<\/p>\n<p><strong>Categorie di destinatari dei dati ed eventuale trasferimento dei dati<\/strong><\/p>\n<p>I\u00a0Dati personali saranno conosciuti e trattati dagli autorizzati al trattamento della Scuola (dipendenti, collaboratori, operatori, eventuali volontari) addetti alla gestione del Sito e\/o coinvolti nella fornitura dei servizi ad esso associati.<\/p>\n<p>Inoltre, i Dati Personali potranno essere comunicati a:<\/p>\n<ul>\n<li>soggetti pubblici non economici (ad es. M.I.M.) quando la comunicazione \u00e8 necessaria per lo svolgimento di funzioni istituzionali dell\u2019ente richiedente;<\/li>\n<li>terzi fornitori di servizi al Titolare (tra cui fornitori di servizi tecnico-informatici, inclusa la manutenzione del Sito e l\u2019archiviazione dei dati, hosting provider, web editor, nonch\u00e9 societ\u00e0 o soggetti che svolgono servizi legali, assicurativi);<\/li>\n<li>societ\u00e0 e professionisti terzi incaricati per fare valere diritti, interessi, pretese del Titolare nascenti dal rapporto con gli Utenti;<\/li>\n<li>alle Amministrazioni dello Stato, Autorit\u00e0 giudiziarie o amministrative, Enti pubblici e privati, anche a seguito di ispezioni e verifiche; in particolare, alle Autorit\u00e0 di Pubblica Sicurezza o ad altri soggetti pubblici per finalit\u00e0 di difesa, sicurezza dello Stato ed accertamento dei reati o all\u2019Autorit\u00e0 Giudiziaria in ottemperanza ad obblighi di legge, laddove si ravvisino ipotesi di reato;<\/li>\n<li>a tutti gli altri soggetti che possono accedere ai dati in forza di disposizioni di legge o di normativa secondaria o comunitaria.<\/li>\n<\/ul>\n<p>I suddetti destinatari opereranno, a seconda dei casi, in qualit\u00e0 di responsabili del trattamento, titolari autonomi o soggetti autorizzati. Viene indicata solo la categoria dei destinatari, in quanto oggetto di continui aggiornamenti. Gli Utenti potranno chiedere al Titolare l\u2019elenco aggiornato, scrivendo alle coordinate di contatto indicate nella presente informativa.<\/p>\n<p><strong>Modalit\u00e0 di trattamento e conservazione<\/strong><\/p>\n<p>I Dati Personali sono trattati in osservanza dei principi di liceit\u00e0, correttezza e trasparenza, previsti dall\u2019art.5 GDPR, anche con l\u2019ausilio di strumenti informatici e telematici atti a memorizzare e gestire i Dati Personali stessi, e, comunque, in modo tale da garantirne la sicurezza e tutelare la massima riservatezza dell\u2019Utente.<\/p>\n<p>I Dati Personali verranno conservati dal Titolare per il tempo strettamente necessario alla finalit\u00e0 per cui sono stati raccolti; precisamente, il Titolare conserver\u00e0 a seconda dei casi:<\/p>\n<ul>\n<li>i dati di navigazione degli Utenti per la durata della sessione di navigazione e comunque non pi\u00f9 di sette giorni, salvo il caso di disfunzioni nei sistemi, caso in cui saranno conservati fino alla risoluzione della problematica;<\/li>\n<li>i dati comunicati dagli Utenti per il tempo necessario a evadere la relativa richiesta;<\/li>\n<li>i Dati Personali il cui trattamento \u00e8 necessario in rapporto ad obblighi legali per la durata di legge;<\/li>\n<li>i Dati Personali il cui trattamento necessario per l&#8217;esecuzione del compito di interesse pubblico cui \u00e8 investita la Scuola: almeno fino all\u2019eventuale esercizio del diritto di opposizione degli Utenti;<\/li>\n<li>i Dati Personali il cui trattamento \u00e8 utile\/necessario alla prevenzione, accertamento e repressione di eventuali frodi e di qualsiasi altra attivit\u00e0 illecita e di reato e quindi l\u2019esercizio o la difesa di un diritto del Titolare, in caso di insorgenza di problematiche, anomalie, contestazioni o controversie, anche non giudiziali, verranno conservati per un periodo pari al termine di prescrizione delle azioni rilevanti, aumentato di un periodo prudenziale di sei mesi;<\/li>\n<li>i Dati Personali il cui trattamento si basa sul consenso dell\u2019Utente, almeno fino all\u2019eventuale revoca del consenso da parte dell\u2019Utente e, in mancanza, finch\u00e9 la Scuola eroga i servizi o svolge le attivit\u00e0 per cui il consenso \u00e8 stato prestato.<\/li>\n<\/ul>\n<p>In tutti casi, decorsi i rispettivi termini, i Dati Personali verranno cancellati o resi anonimi. Resta fermo che i termini indicati potranno essere prorogati nei casi in cui la conservazione per un periodo successivo sia richiesta in occasione di eventuali contenziosi, richieste delle autorit\u00e0 competenti o ai sensi della normativa applicabile e comunque l\u2019obbligo della Scuola di rispettare le indicazioni delle regole tecniche in materia di conservazione digitale degli atti definite dall\u2019Agenzia per l\u2019Italia Digitale (\u201cAGID\u201d) e dei tempi indicati dal Massimario di conservazione e scarto per le Istituzioni scolastiche.<\/p>\n<p>In merito ai dati personali raccolti attraverso i cookie si rinvia alla cookie policy del sito.<\/p>\n<p><strong>Trasferimenti dei dati verso Paesi Extra UE<\/strong><\/p>\n<p>Di norma i Dati Personali non sono trasferiti verso un Paese terzo o un\u2019organizzazione internazionale. Tuttavia, qualora per il raggiungimento delle finalit\u00e0 sopra indicate ci\u00f2 dovesse rendersi necessario, il trasferimento avverr\u00e0 in conformit\u00e0 ai requisiti prescritti dalla normativa europea e quindi in presenza di condizioni tali da assicurare un livello di protezione dei Dati Personali conforme a quello richiesto dal GDPR (come le clausole contrattuali standard, decisioni di adeguatezza, <em>etc<\/em>.).<\/p>\n<p><strong>Diritti dell\u2019Utente<\/strong><\/p>\n<p>Gli Utenti (o altri interessati), se ne ricorrono in concreto le circostanze e le condizioni previste dalla legge, potranno esercitare \u2013 in qualsiasi momento e di norma gratuitamente \u2013 nei confronti della Scuola i seguenti diritti: <strong>di accesso<\/strong> ai propri dati personali (e quindi di ottenere la conferma dell&#8217;esistenza o meno di un trattamento di dati personali che lo riguardano); <strong>di rettifica<\/strong>\/integrazione dei dati personali inesatti\/incompleti; <strong>alla cancellazione<\/strong> dei propri dati personali; <strong>di limitazione di trattamento<\/strong> dei propri dati personali (cio\u00e8 il contrassegno dei dati personali conservati con l&#8217;obiettivo di limitarne il trattamento in futuro); <strong>alla portabilit\u00e0 dei dati<\/strong> (nelle ipotesi in cui il trattamento sia effettuato con mezzi automatizzati sulla base giuridica del contratto o del consenso, permette di ricevere in un formato strutturato, di uso comune e leggibile da dispositivo automatico, limitatamente ai dati forniti al Titolare, i dati personali che li riguardano e analogamente il diritto di trasmettere tali dati a un altro titolare del trattamento).<\/p>\n<p>Gli Utenti (o altri interessati) hanno altres\u00ec il diritto <strong>di opporsi<\/strong>, in qualsiasi momento, per motivi connessi alla propria situazione particolare, al trattamento dei propri Dati Personali derivante dall\u2019esercizio da parte della Scuola del proprio compito di pubblico interesse e <strong>revocare il consenso <\/strong>(senza pregiudicare la liceit\u00e0 del trattamento basato sul consenso precedentemente prestato).<\/p>\n<p>I predetti diritti sono esercitabili contattando il Responsabile della Protezione dei dati ai recapiti sopra indicati.<\/p>\n<p>Inoltre, gli Utenti o altri interessati che ritengono che il trattamento dei Dati Personali a loro riferiti effettuato attraverso questo Sito avvenga in violazione di quanto previsto dal GDPR hanno diritto <strong>di proporre reclamo<\/strong> all\u2019Autorit\u00e0 nazionale di supervisione dello stato membro dell\u2019Unione Europea in cui l\u2019Interessato ha la propria residenza abituale o luogo di lavoro od ove sia avvenuta l\u2019asserita violazione del suo diritto (nel caso tale Stato sia l\u2019Italia, il soggetto cui potr\u00e0 rivolgersi \u00e8 l\u2019Autorit\u00e0 Garante per la protezione dei dati personali) <strong>o di adire le opportune sedi giudiziarie<\/strong> (art. 79 GDPR).<\/p>\n<p>&nbsp;<\/p>\n<p><em>ULTIMO AGGIORNAMENTO: Febbraio 2024<\/em><\/p>\n<p>&nbsp;<\/p>\n<p><a href=\"https:\/\/www.convittocampanella.edu.it\/wbs\/wp-content\/uploads\/2022\/02\/20220210_-Informativa-sul-trattamento-dei-dati-personali_COVID.pdf\">Informativa sul trattamento dei dati personali per verifica possesso certificazioni verdi COVID per studenti minori<\/a><\/p>\n<p><a href=\"https:\/\/www.convittocampanella.edu.it\/wbs\/wp-content\/uploads\/2022\/01\/20220119_informativa_trattamento_dati_personali_alunni.pdf\">Informativa sul trattamento dei dati personali per le verifiche previste dal DL n. 1\/2022 sui dati degli alunn<\/a>i<\/p>\n<p>&nbsp;<\/p>\n<p>&nbsp;<\/p>\n<p>&nbsp;<\/p>\n","protected":false},"excerpt":{"rendered":"<p>NOMINA DEL RESPONSABILE DEL TRATTAMENTO DEI DATI PERSONALI &#8211; manutenzione dell\u2019impianto di allarme e videosorveglianza INFORMATIVA SUL TRATTAMENTO DEI DATI PERSONALI AI SENSI DELL\u2019ARTICOLO 13 DEL REGOLAMENTO UE 2016\/679 (sito web) Il Convitto Nazionale di Stato \u201cT. Campanella\u201d (telefono: 0965.499421 \u2013 email: rcvc010005@istruzione.it \u2013 PEC: rcvc010005@pec.istruzione.it) nella persona del Dirigente Scolastico, legale rappresentante dell\u2019Istituto, in &hellip;<\/p>\n","protected":false},"author":3,"featured_media":0,"parent":7060,"menu_order":3,"comment_status":"closed","ping_status":"closed","template":"","meta":{"footnotes":""},"class_list":["post-6755","page","type-page","status-publish","hentry"],"featured_image_src":null,"_links":{"self":[{"href":"https:\/\/www.convittocampanella.edu.it\/wbs\/wp-json\/wp\/v2\/pages\/6755","targetHints":{"allow":["GET"]}}],"collection":[{"href":"https:\/\/www.convittocampanella.edu.it\/wbs\/wp-json\/wp\/v2\/pages"}],"about":[{"href":"https:\/\/www.convittocampanella.edu.it\/wbs\/wp-json\/wp\/v2\/types\/page"}],"author":[{"embeddable":true,"href":"https:\/\/www.convittocampanella.edu.it\/wbs\/wp-json\/wp\/v2\/users\/3"}],"replies":[{"embeddable":true,"href":"https:\/\/www.convittocampanella.edu.it\/wbs\/wp-json\/wp\/v2\/comments?post=6755"}],"version-history":[{"count":0,"href":"https:\/\/www.convittocampanella.edu.it\/wbs\/wp-json\/wp\/v2\/pages\/6755\/revisions"}],"up":[{"embeddable":true,"href":"https:\/\/www.convittocampanella.edu.it\/wbs\/wp-json\/wp\/v2\/pages\/7060"}],"wp:attachment":[{"href":"https:\/\/www.convittocampanella.edu.it\/wbs\/wp-json\/wp\/v2\/media?parent=6755"}],"curies":[{"name":"wp","href":"https:\/\/api.w.org\/{rel}","templated":true}]}}