{"id":13738,"date":"2018-06-22T15:31:35","date_gmt":"2018-06-22T13:31:35","guid":{"rendered":"https:\/\/www.convittocampanella.edu.it\/wbs\/?page_id=13738"},"modified":"2025-01-30T13:09:33","modified_gmt":"2025-01-30T12:09:33","slug":"inglese","status":"publish","type":"page","link":"https:\/\/www.convittocampanella.edu.it\/wbs\/inglese\/","title":{"rendered":"Certificazioni Linguistiche"},"content":{"rendered":"<div class=\"wpb-content-wrapper\">[vc_row][vc_column][vc_column_text css=&#8221;&#8221;]\n<div class=\"wp-block-image\"><a href=\"https:\/\/www.cambridgeinternational.org\/languages\/italian\/\"><img loading=\"lazy\" decoding=\"async\" class=\"wpa-warning wpa-image-missing-alt wp-image-39450 aligncenter\" src=\"https:\/\/www.convittocampanella.edu.it\/wbs\/wp-content\/uploads\/2025\/01\/Cambridge-logo-1-300x131.png\" alt=\"\" width=\"492\" height=\"215\" data-warning=\"Missing alt text\" srcset=\"https:\/\/www.convittocampanella.edu.it\/wbs\/wp-content\/uploads\/2025\/01\/Cambridge-logo-1-300x131.png 300w, https:\/\/www.convittocampanella.edu.it\/wbs\/wp-content\/uploads\/2025\/01\/Cambridge-logo-1-1024x447.png 1024w, https:\/\/www.convittocampanella.edu.it\/wbs\/wp-content\/uploads\/2025\/01\/Cambridge-logo-1-768x335.png 768w, https:\/\/www.convittocampanella.edu.it\/wbs\/wp-content\/uploads\/2025\/01\/Cambridge-logo-1-1536x670.png 1536w, https:\/\/www.convittocampanella.edu.it\/wbs\/wp-content\/uploads\/2025\/01\/Cambridge-logo-1-2048x893.png 2048w, https:\/\/www.convittocampanella.edu.it\/wbs\/wp-content\/uploads\/2025\/01\/Cambridge-logo-1-1200x523.png 1200w, https:\/\/www.convittocampanella.edu.it\/wbs\/wp-content\/uploads\/2025\/01\/Cambridge-logo-1-1920x837.png 1920w\" sizes=\"auto, (max-width: 492px) 100vw, 492px\" \/><\/a><\/div>\n[\/vc_column_text][vc_column_text css=&#8221;&#8221;]\n<p style=\"text-align: justify;\"><span style=\"font-size: 18pt;\">Nel 2019 il Convitto \u00e8 stato riconosciuto come \u201cScuola Cambridge\u201d da Cambridge International Education, entrando, cos\u00ec, a far parte di una rete di scuole situate in varie parti del mondo che, rispondendo a requisiti di qualit\u00e0, sono autorizzate a impartire insegnamenti di discipline basate sui programmi \u201cCambridge International\u201d e a tenere esami per il conseguimento di certificazioni IGCSE.<\/span><\/p>\n<p style=\"text-align: justify;\"><span style=\"font-size: 18pt;\">Ormai da anni, dunque, il Liceo (Europeo e d\u2019Ordinamento) annesso a questo Convitto offre percorsi Cambridge e sono gi\u00e0 parecchi gli studenti che hanno conseguito certificazioni IGCSE.<\/span><\/p>\n<p style=\"text-align: justify;\"><span style=\"font-size: 18pt;\">A partire dal prossimo anno scolastico 2025-26, il percorso Cambridge presso il nostro Istituto riguarder\u00e0, per il Liceo Classico Europeo, le discipline \u201cEnglish as a Second Language\u201d e \u201cBusiness Studies\u201d, mentre per il Liceo di Ordinamento \u201cEnglish as a Second Language\u201d e \u201cGlobal Perspectives\u201d.<\/span><\/p>\n<p style=\"text-align: justify;\"><span style=\"font-size: 18pt;\">I programmi Cambridge rappresentano un punto di riferimento per la didattica internazionale e le certificazioni sono riconosciute a livello internazionale.<\/span><\/p>\n<p style=\"text-align: justify;\"><span style=\"font-size: 18pt;\">Il percorso, al momento attivo alla Scuola secondaria di secondo grado, sar\u00e0 da quest\u2019anno avviato anche alla Scuola Secondaria di primo grado. Si prevede lo studio di due discipline in lingua inglese: \u201cEnglish as a second language\u201d e \u201cGlobal perspectives\u201d. Al termine del triennio gli allievi, previo superamento di un \u201ccheckpoint\u201d, otterranno una certificazione linguistica riconosciuta a livello internazionale.<\/span><\/p>\n<p><span style=\"font-size: 18pt;\">Per maggiori informazioni: cliccare <a href=\"https:\/\/www.cambridgeinternational.org\/languages\/italian\/parents-and-students\/\">QUI<\/a><\/span>[\/vc_column_text][\/vc_column][\/vc_row][vc_row][vc_column][vc_column_text css=&#8221;&#8221;]\n<div class=\"wp-block-image\"><a href=\"https:\/\/www.cambridgeenglish.org\/it\/\"><img loading=\"lazy\" decoding=\"async\" class=\"wpa-warning wpa-image-missing-alt wp-image-39458 aligncenter\" src=\"https:\/\/www.convittocampanella.edu.it\/wbs\/wp-content\/uploads\/2025\/01\/Cambridge-logo-Preparation-Centre-300x200.jpg\" alt=\"\" width=\"419\" height=\"279\" data-warning=\"Missing alt text\" srcset=\"https:\/\/www.convittocampanella.edu.it\/wbs\/wp-content\/uploads\/2025\/01\/Cambridge-logo-Preparation-Centre-300x200.jpg 300w, https:\/\/www.convittocampanella.edu.it\/wbs\/wp-content\/uploads\/2025\/01\/Cambridge-logo-Preparation-Centre-1024x682.jpg 1024w, https:\/\/www.convittocampanella.edu.it\/wbs\/wp-content\/uploads\/2025\/01\/Cambridge-logo-Preparation-Centre-768x512.jpg 768w, https:\/\/www.convittocampanella.edu.it\/wbs\/wp-content\/uploads\/2025\/01\/Cambridge-logo-Preparation-Centre-1536x1023.jpg 1536w, https:\/\/www.convittocampanella.edu.it\/wbs\/wp-content\/uploads\/2025\/01\/Cambridge-logo-Preparation-Centre-165x110.jpg 165w, https:\/\/www.convittocampanella.edu.it\/wbs\/wp-content\/uploads\/2025\/01\/Cambridge-logo-Preparation-Centre-270x180.jpg 270w, https:\/\/www.convittocampanella.edu.it\/wbs\/wp-content\/uploads\/2025\/01\/Cambridge-logo-Preparation-Centre-480x320.jpg 480w, https:\/\/www.convittocampanella.edu.it\/wbs\/wp-content\/uploads\/2025\/01\/Cambridge-logo-Preparation-Centre-1200x800.jpg 1200w, https:\/\/www.convittocampanella.edu.it\/wbs\/wp-content\/uploads\/2025\/01\/Cambridge-logo-Preparation-Centre.jpg 1621w\" sizes=\"auto, (max-width: 419px) 100vw, 419px\" \/><\/a><\/div>\n<div>\n<p style=\"text-align: justify;\"><span style=\"font-size: 18pt;\">Anche quest\u2019anno il Convitto Nazionale di Stato T. Campanella per le sezioni INTERNATIONAL della Scuola primaria e secondaria di primo grado si avvale della collaborazione dei docenti madrelingua dell\u2019International Meeting Point. Per la scuola secondaria di II grado si avvale, invece, degli esperti madrelingua della scuola IH British School. Gli allievi ampliano il curricolo di inglese con lezioni in cui l\u2019uso della lingua \u00e8 costante e mirato a migliorare e sviluppare le quattro abilit\u00e0: speaking, writing, reading e listening. Questo percorso li accompagner\u00e0 gradualmente fino a traguardi sempre pi\u00f9 alti nel conseguimento delle certificazioni linguistiche corrispondenti ai livelli de QCER (Quadro Comune di Riferimento Europeo).<\/span><\/p>\n<\/div>\n<div><\/div>\n[\/vc_column_text][\/vc_column][vc_column][\/vc_column][vc_column][\/vc_column][\/vc_row]\n<\/div>","protected":false},"excerpt":{"rendered":"<p>vc_rowvc_columnvc_column_text css=&#8221;&#8221; \/vc_column_textvc_column_text css=&#8221;&#8221; Nel 2019 il Convitto \u00e8 stato riconosciuto come \u201cScuola Cambridge\u201d da Cambridge International Education, entrando, cos\u00ec, a far parte di una rete di scuole situate in varie parti del mondo che, rispondendo a requisiti di qualit\u00e0, sono autorizzate a impartire insegnamenti di discipline basate sui programmi \u201cCambridge International\u201d e a tenere &hellip;<\/p>\n","protected":false},"author":1,"featured_media":0,"parent":0,"menu_order":0,"comment_status":"closed","ping_status":"closed","template":"","meta":{"footnotes":""},"class_list":["post-13738","page","type-page","status-publish","hentry"],"featured_image_src":null,"_links":{"self":[{"href":"https:\/\/www.convittocampanella.edu.it\/wbs\/wp-json\/wp\/v2\/pages\/13738","targetHints":{"allow":["GET"]}}],"collection":[{"href":"https:\/\/www.convittocampanella.edu.it\/wbs\/wp-json\/wp\/v2\/pages"}],"about":[{"href":"https:\/\/www.convittocampanella.edu.it\/wbs\/wp-json\/wp\/v2\/types\/page"}],"author":[{"embeddable":true,"href":"https:\/\/www.convittocampanella.edu.it\/wbs\/wp-json\/wp\/v2\/users\/1"}],"replies":[{"embeddable":true,"href":"https:\/\/www.convittocampanella.edu.it\/wbs\/wp-json\/wp\/v2\/comments?post=13738"}],"version-history":[{"count":13,"href":"https:\/\/www.convittocampanella.edu.it\/wbs\/wp-json\/wp\/v2\/pages\/13738\/revisions"}],"predecessor-version":[{"id":39768,"href":"https:\/\/www.convittocampanella.edu.it\/wbs\/wp-json\/wp\/v2\/pages\/13738\/revisions\/39768"}],"wp:attachment":[{"href":"https:\/\/www.convittocampanella.edu.it\/wbs\/wp-json\/wp\/v2\/media?parent=13738"}],"curies":[{"name":"wp","href":"https:\/\/api.w.org\/{rel}","templated":true}]}}